{"id":1121,"date":"2026-01-29T16:51:50","date_gmt":"2026-01-29T15:51:50","guid":{"rendered":"https:\/\/www.camping-despins85.com\/resident\/"},"modified":"2026-03-25T15:31:01","modified_gmt":"2026-03-25T14:31:01","slug":"resident","status":"publish","type":"page","link":"https:\/\/www.camping-despins85.com\/en\/resident\/","title":{"rendered":"Resident"},"content":{"rendered":"<div class=\"diaporama-header align-full\"><div class=\"gallery\"><figure class=\"gallery__item\"><picture><source srcset=\"https:\/\/www.camping-despins85.com\/wp-content\/uploads\/2026\/02\/header-resident-420x236.webp\" media=\"(max-width: 210px)\"><source srcset=\"https:\/\/www.camping-despins85.com\/wp-content\/uploads\/2026\/02\/header-resident-850x478.webp\" media=\"(max-width: 420px)\"><source srcset=\"https:\/\/www.camping-despins85.com\/wp-content\/uploads\/2026\/02\/header-resident-768x432.webp\" media=\"(max-width: 850px)\"><source srcset=\"https:\/\/www.camping-despins85.com\/wp-content\/uploads\/2026\/02\/header-resident-1024x576.webp\" media=\"(max-width: 1024px)\"><source srcset=\"https:\/\/www.camping-despins85.com\/wp-content\/uploads\/2026\/02\/header-resident.webp\" media=\"(min-width: 1025px)\"><img loading=\"lazy\" decoding=\"async\" src=\"https:\/\/www.camping-despins85.com\/wp-content\/uploads\/2026\/02\/header-resident-420x236.webp\" width=\"420\" height=\"210\" alt=\"\" title=\"\"><\/picture><\/figure><\/div><div class=\"diaporama-header__inner\"><div class=\"buttons display-flex \" style=\"justify-content:center;\"><a href=\"https:\/\/www.camping-despins85.com\/en\/location\/\" rel=\"noreferrer noopener\" rel=\"noreferrer noopener\" class=\"buttons__btn is-style-1\">Discover our rentals<\/a><\/div><\/div><\/div>\n\n<div class=\"group\"><h1 style=\"text-align: center;color: var(--bleu);\">Become a resident and enjoy <span class=\"fc-span\">your own piece of paradise in Vend\u00e9e<\/span><\/h1><p class=\"mini center\" style=\"text-align: center;\"  >Becoming a <strong>resident at Camping des Pins in Notre-Dame-de-Monts<\/strong> is to offer yourself a real <strong>pied-\u00e0-terre in the Vend\u00e9e<\/strong>, in the heart of <strong>nature<\/strong>, between <strong>pine forests<\/strong> and <strong>sandy beaches<\/strong>. Here, you&#8217;ll enjoy a <strong>calm and relaxing setting<\/strong>, far from the hustle and bustle. <\/p><div class=\"lireplus fc-desk\"><p class=\"center\" style=\"text-align: center;\"  >Read more<\/p><div class=\"group\"><p class=\"mini center\" style=\"text-align: center;\"  >Being a resident also means benefiting from a <strong>campsite on a human scale<\/strong>, with <strong>services designed for your comfort<\/strong>: <strong>heated swimming pool<\/strong>, <strong>leisure facilities<\/strong>, <strong>immediate proximity to cycle paths<\/strong>, the <strong>national forest<\/strong> and the <strong>Vend\u00e9e coastline<\/strong>. It&#8217;s the freedom to enjoy the Vend\u00e9e at your own pace, to savor the fine weather and share <strong>special moments with family and friends<\/strong>. <\/p><\/div><\/div><\/div>\n\n<div class=\"columns cadre reverse-mob\"><div class=\"columns__item\"><div class=\"gallery f-carousel fc-diapo\" data-fancybox=\"gallery\"><figure class=\"gallery__item\"><picture><source srcset=\"https:\/\/www.camping-despins85.com\/wp-content\/uploads\/2026\/02\/vente-mh-1-420x252.webp\" media=\"(max-width: 210px)\"><source srcset=\"https:\/\/www.camping-despins85.com\/wp-content\/uploads\/2026\/02\/vente-mh-1-850x510.webp\" media=\"(max-width: 420px)\"><source srcset=\"https:\/\/www.camping-despins85.com\/wp-content\/uploads\/2026\/02\/vente-mh-1-768x461.webp\" media=\"(max-width: 850px)\"><source srcset=\"https:\/\/www.camping-despins85.com\/wp-content\/uploads\/2026\/02\/vente-mh-1.webp\" media=\"(max-width: 1024px)\"><source srcset=\"https:\/\/www.camping-despins85.com\/wp-content\/uploads\/2026\/02\/vente-mh-1.webp\" media=\"(min-width: 1025px)\"><img decoding=\"async\" src=\"https:\/\/www.camping-despins85.com\/wp-content\/uploads\/2026\/02\/vente-mh-1-420x252.webp\" width=\"420\" height=\"210\" loading=\"lazy\" alt=\"\" title=\"\"><\/picture><\/figure><figure class=\"gallery__item\"><picture><source srcset=\"https:\/\/www.camping-despins85.com\/wp-content\/uploads\/2026\/02\/mh-vente-420x252.webp\" media=\"(max-width: 210px)\"><source srcset=\"https:\/\/www.camping-despins85.com\/wp-content\/uploads\/2026\/02\/mh-vente-850x510.webp\" media=\"(max-width: 420px)\"><source srcset=\"https:\/\/www.camping-despins85.com\/wp-content\/uploads\/2026\/02\/mh-vente-768x461.webp\" media=\"(max-width: 850px)\"><source srcset=\"https:\/\/www.camping-despins85.com\/wp-content\/uploads\/2026\/02\/mh-vente.webp\" media=\"(max-width: 1024px)\"><source srcset=\"https:\/\/www.camping-despins85.com\/wp-content\/uploads\/2026\/02\/mh-vente.webp\" media=\"(min-width: 1025px)\"><img decoding=\"async\" src=\"https:\/\/www.camping-despins85.com\/wp-content\/uploads\/2026\/02\/mh-vente-420x252.webp\" width=\"420\" height=\"210\" loading=\"lazy\" alt=\"\" title=\"\"><\/picture><\/figure><figure class=\"gallery__item\"><picture><source srcset=\"https:\/\/www.camping-despins85.com\/wp-content\/uploads\/2026\/02\/mobil-home-vente-420x252.webp\" media=\"(max-width: 210px)\"><source srcset=\"https:\/\/www.camping-despins85.com\/wp-content\/uploads\/2026\/02\/mobil-home-vente-850x510.webp\" media=\"(max-width: 420px)\"><source srcset=\"https:\/\/www.camping-despins85.com\/wp-content\/uploads\/2026\/02\/mobil-home-vente-768x461.webp\" media=\"(max-width: 850px)\"><source srcset=\"https:\/\/www.camping-despins85.com\/wp-content\/uploads\/2026\/02\/mobil-home-vente.webp\" media=\"(max-width: 1024px)\"><source srcset=\"https:\/\/www.camping-despins85.com\/wp-content\/uploads\/2026\/02\/mobil-home-vente.webp\" media=\"(min-width: 1025px)\"><img decoding=\"async\" src=\"https:\/\/www.camping-despins85.com\/wp-content\/uploads\/2026\/02\/mobil-home-vente-420x252.webp\" width=\"420\" height=\"210\" loading=\"lazy\" alt=\"\" title=\"\"><\/picture><\/figure><\/div><\/div><div class=\"columns__item\"><h2 style=\"color: var(--vert);\"><strong>New Rideau Bahia mobile home<\/strong><\/h2><p    >Dreaming of a <strong>pied-\u00e0-terre in the Vend\u00e9e, just a stone&#8217;s throw from the beach<\/strong>? Discover this <strong>new Rideau Bahia<\/strong> <strong>2-bedroom<\/strong> <strong>mobile home<\/strong>, ideal for family vacations or rental investment. Set on a <strong>100 m\u00b2 plot<\/strong>, this mobile home has a <strong>6 m x 2.50 m Du Lys covered terrace<\/strong> and <strong>private parking nearby<\/strong>.  <\/p><div class=\"lireplus fc-desk\"><p    >Features<\/p><div class=\"group\"><p    >It is equipped for your comfort:<\/p><ul><li><strong>Living room <\/strong>with sofa bed\n<\/li><li><strong>Additional<\/strong> 500 W <strong>convector heater<\/strong> for bedrooms\n<\/li><li>Silver 12 place setting <strong>dishwasher <\/strong>(incl. installation)\n<\/li><li><strong>Towel dryer <\/strong>in bathroom (depending on model)\n<\/li><li><strong>3-way load break switch<\/strong> (non-communicating)\n<\/li><li><strong>Air-conditioning standby<\/strong> with 10 A circuit breaker\n<\/li><li><strong>Parent bed 160 x 200<\/strong> Airmat 40\n<\/li><li><strong>Children&#8217;s beds 80 x 190<\/strong> Airmat 40\n<\/li><\/ul><p    >The <strong>price of the mobile home<\/strong> is <strong>\u20ac34,900<\/strong>, including plot and parking, or <strong>\u20ac2,704 per year<\/strong> for the pitch.<\/p><\/div><\/div><\/div><\/div>","protected":false},"excerpt":{"rendered":"<p>Become a resident and enjoy your own piece of paradise in Vend\u00e9e Becoming a resident at Camping des Pins in Notre-Dame-de-Monts is to offer yourself a real pied-\u00e0-terre in the Vend\u00e9e, in the heart of nature, between pine forests and sandy beaches. Here, you&#8217;ll enjoy a calm and relaxing setting, far from the hustle and [&hellip;]<\/p>\n","protected":false},"author":1,"featured_media":0,"parent":0,"menu_order":0,"comment_status":"open","ping_status":"open","template":"","meta":{"_acf_changed":false,"footnotes":""},"acf":[],"_links":{"self":[{"href":"https:\/\/www.camping-despins85.com\/en\/wp-json\/wp\/v2\/pages\/1121"}],"collection":[{"href":"https:\/\/www.camping-despins85.com\/en\/wp-json\/wp\/v2\/pages"}],"about":[{"href":"https:\/\/www.camping-despins85.com\/en\/wp-json\/wp\/v2\/types\/page"}],"author":[{"embeddable":true,"href":"https:\/\/www.camping-despins85.com\/en\/wp-json\/wp\/v2\/users\/1"}],"replies":[{"embeddable":true,"href":"https:\/\/www.camping-despins85.com\/en\/wp-json\/wp\/v2\/comments?post=1121"}],"version-history":[{"count":2,"href":"https:\/\/www.camping-despins85.com\/en\/wp-json\/wp\/v2\/pages\/1121\/revisions"}],"predecessor-version":[{"id":1167,"href":"https:\/\/www.camping-despins85.com\/en\/wp-json\/wp\/v2\/pages\/1121\/revisions\/1167"}],"wp:attachment":[{"href":"https:\/\/www.camping-despins85.com\/en\/wp-json\/wp\/v2\/media?parent=1121"}],"curies":[{"name":"wp","href":"https:\/\/api.w.org\/{rel}","templated":true}]}}